{"id":40,"date":"2022-04-29T16:10:58","date_gmt":"2022-04-29T20:10:58","guid":{"rendered":"http:\/\/openmarketscorp.com\/es\/?page_id=40"},"modified":"2022-05-02T19:30:30","modified_gmt":"2022-05-02T23:30:30","slug":"nosotros","status":"publish","type":"page","link":"https:\/\/openmarketscorp.com\/es\/nosotros\/","title":{"rendered":"Nosotros"},"content":{"rendered":"<div class=\"wpb-content-wrapper\">[vc_row disable_element=&#8221;yes&#8221;][vc_column]<div class=\"vcex-divider-multicolor vcex-module wpex-flex wpex-w-100 wpex-m-auto\"><span class=\"vcex-divider-multicolor__item wpex-flex-grow\" style=\"background:#1292d1;\"><\/span><span class=\"vcex-divider-multicolor__item wpex-flex-grow\" style=\"background:#40977b;\"><\/span><span class=\"vcex-divider-multicolor__item wpex-flex-grow\" style=\"background:#67bd39;\"><\/span><span class=\"vcex-divider-multicolor__item wpex-flex-grow\" style=\"background:#f8b102;\"><\/span><\/div>[\/vc_column][\/vc_row][vc_row remove_bottom_col_margin=&#8221;true&#8221; wpex_fixed_bg=&#8221;fixed&#8221; css=&#8221;.vc_custom_1648158411832{padding-top: 150px !important;padding-bottom: 150px !important;background-image: url(http:\/\/openmarketscorp.com\/es\/wp-content\/uploads\/sites\/2\/2022\/03\/divider-img-2.jpg?id=214) !important;background-position: center !important;background-repeat: no-repeat !important;background-size: cover !important;}&#8221; wpex_bg_position=&#8221;center center&#8221;][vc_column]<div class=\"vcex-spacing wpex-w-100 wpex-clear visible-desktop\" style=\"height:150px;\"><\/div><div class=\"vcex-spacing wpex-w-100 wpex-clear visible-desktop\" style=\"height:150px;\"><\/div>[\/vc_column][\/vc_row][vc_row disable_element=&#8221;yes&#8221; remove_bottom_col_margin=&#8221;true&#8221; css=&#8221;.vc_custom_1648158421224{background-color: rgba(255,255,255,0.01) !important;*background-color: rgb(255,255,255) !important;}&#8221;][vc_column][vc_single_image image=&#8221;214&#8243; alignment=&#8221;center&#8221;][\/vc_column][\/vc_row][vc_row remove_bottom_col_margin=&#8221;true&#8221; center_row=&#8221;yes&#8221; css=&#8221;.vc_custom_1648158115175{padding-top: 75px !important;padding-bottom: 75px !important;background-color: rgba(255,255,255,0.01) !important;*background-color: rgb(255,255,255) !important;}&#8221;][vc_column width=&#8221;1\/12&#8243;][\/vc_column][vc_column width=&#8221;10\/12&#8243;]<div class=\"vcex-spacing wpex-w-100 wpex-clear visible-desktop\" style=\"height:75px;\"><\/div>[vc_column_text text_align=&#8221;center&#8221;]\n<h2>Compromiso con la excelencia<\/h2>\n[\/vc_column_text]<div class=\"vcex-spacing wpex-w-100 wpex-clear\" style=\"height:20px;\"><\/div>[vc_column_text text_align=&#8221;center&#8221; width=&#8221;750px&#8221; align=&#8221;center&#8221;]Nuestro extraordinario af\u00e1n por ofrecer resultados en la adquisici\u00f3n de productos es lo que nos diferencia del resto. Open Markets Corporation ofrece servicios especializados adaptados a las necesidades espec\u00edficas de cada cliente.<br \/>\n[\/vc_column_text]<div class=\"vcex-spacing wpex-w-100 wpex-clear\" style=\"height:50px;\"><\/div>[vc_row_inner equal_height=&#8221;yes&#8221; content_placement=&#8221;top&#8221; gap=&#8221;15&#8243; remove_bottom_col_margin=&#8221;true&#8221;][vc_column_inner width=&#8221;1\/3&#8243; css=&#8221;.vc_custom_1648155127428{padding-top: 50px !important;padding-right: 30px !important;padding-bottom: 50px !important;padding-left: 30px !important;background-color: #1292d1 !important;}&#8221;][vc_single_image image=&#8221;124&#8243; img_size=&#8221;65&#215;65&#8243; alignment=&#8221;left&#8221;][vc_column_text color=&#8221;#ffffff&#8221;]\n<h3>Importaci\u00f3n de alimentos<\/h3>\n[\/vc_column_text]<div class=\"vcex-spacing wpex-w-100 wpex-clear\" style=\"height:20px;\"><\/div>[vc_column_text color=&#8221;#ffffff&#8221;]Obtenemos e importamos una gran variedad de frutas frescas, vegetales, productos congelados, ma\u00edz blanco y amarillo, frijoles, bebidas y carne congelada de pa\u00edses latinoamericanos.<\/p>\n<p>Conocemos las normas internacionales de seguridad y calidad de los alimentos y la log\u00edstica que cada producto debe cumplir para ser vendido en el mercado de los Estados Unidos. Nuestro equipo calificado le brinda la confianza que necesita para saber que su producto llegar\u00e1 a tiempo y en buenas condiciones. Manejamos contratos con empresas de transporte mar\u00edtimo y terrestre para transportar los productos desde cualquier pa\u00eds latino hasta los puertos y almacenes de Estados Unidos.[\/vc_column_text][\/vc_column_inner][vc_column_inner width=&#8221;1\/3&#8243; css=&#8221;.vc_custom_1648154919985{padding-top: 50px !important;padding-right: 30px !important;padding-bottom: 50px !important;padding-left: 30px !important;background-color: #40977b !important;}&#8221;][vc_single_image image=&#8221;125&#8243; img_size=&#8221;65&#215;65&#8243; alignment=&#8221;left&#8221;][vc_column_text color=&#8221;#ffffff&#8221;]\n<h3>Productos Frescos<\/h3>\n[\/vc_column_text]<div class=\"vcex-spacing wpex-w-100 wpex-clear\" style=\"height:20px;\"><\/div>[vc_column_text color=&#8221;#ffffff&#8221;]\n<ul>\n<li>Tropicales, de Am\u00e9rica Latina<\/li>\n<li>Florida Grown, frutas cultivadas en Florida<\/li>\n<\/ul>\n<p>Garantizamos una afluencia constante y confiable de frutas y ra\u00edces frescas procedentes de Am\u00e9rica Central y del Sur, como mango, mandarina, lima, pl\u00e1tano, \u00f1ame, jengibre y ajo (entre muchos otros) durante todo el a\u00f1o. Por otra parte, tambi\u00e9n nos asociamos con agricultores nacionales ubicados en el Estado de Florida, que proporcionan frutas tropicales como mamey, fruta del drag\u00f3n y guayaba, para cumplir con los suministros inmediatos sin retrasos en el env\u00edo.[\/vc_column_text][\/vc_column_inner][vc_column_inner width=&#8221;1\/3&#8243; css=&#8221;.vc_custom_1648155149653{padding-top: 50px !important;padding-right: 30px !important;padding-bottom: 50px !important;padding-left: 30px !important;background-color: #f8b102 !important;}&#8221;][vc_single_image image=&#8221;126&#8243; img_size=&#8221;65&#215;65&#8243; alignment=&#8221;left&#8221;][vc_column_text color=&#8221;#ffffff&#8221;]\n<h3>Marca Privada<\/h3>\n[\/vc_column_text]<div class=\"vcex-spacing wpex-w-100 wpex-clear\" style=\"height:20px;\"><\/div>[vc_column_text color=&#8221;#ffffff&#8221;]Tenemos una gran experiencia en industrias verticales como el mercado de alimentos congelados y refrigerados, que incluye comidas congeladas, alimentos refrigerados, frutas congeladas, pulpa de frutas, alimentos \u00e9tnicos, entre muchos otros.<\/p>\n<p>Nuestro profundo conocimiento y la creciente red de contactos estrat\u00e9gicos con empresas procesadoras de alimentos, nos permiten desarrollar la m\u00e1s completa l\u00ednea de productos con la marca espec\u00edfica de nuestros clientes para el mercado hispano en los Estados Unidos.[\/vc_column_text][\/vc_column_inner][\/vc_row_inner]<div class=\"vcex-spacing wpex-w-100 wpex-clear visible-desktop\" style=\"height:75px;\"><\/div>[\/vc_column][vc_column width=&#8221;1\/12&#8243;][\/vc_column][\/vc_row][vc_row remove_bottom_col_margin=&#8221;true&#8221; tablet_fullwidth_cols=&#8221;yes&#8221; center_row=&#8221;yes&#8221; wpex_fixed_bg=&#8221;fixed&#8221; css=&#8221;.vc_custom_1648157912937{padding-top: 75px !important;padding-bottom: 75px !important;background: #55aa20 url(http:\/\/openmarketscorp.com\/es\/wp-content\/uploads\/sites\/2\/2022\/03\/latin-america-farm-bg-img-1.jpg?id=215) !important;background-position: center !important;background-repeat: no-repeat !important;background-size: cover !important;}&#8221; wpex_bg_position=&#8221;center center&#8221;][vc_column]<div class=\"vcex-spacing wpex-w-100 wpex-clear visible-desktop\" style=\"height:75px;\"><\/div>[vc_column_text text_align=&#8221;center&#8221; color=&#8221;#ffffff&#8221; letter_spacing=&#8221;0.5em&#8221;]\n<h3>SOLICITE M\u00c1S INFORMACI\u00d3N<\/h3>\n[\/vc_column_text]<div class=\"vcex-spacing wpex-w-100 wpex-clear\" style=\"height:20px;\"><\/div>[vc_column_text color=&#8221;#ffffff&#8221; width=&#8221;900px&#8221; text_align=&#8221;center&#8221; align=&#8221;center&#8221;]\n<h2>No pierda la oportunidad \u00fanica de importar fruta y verdura fresca a los Estados Unidos con una empresa que valora la alta calidad y la optimizaci\u00f3n del tiempo.<\/h2>\n[\/vc_column_text]<div class=\"vcex-spacing wpex-w-100 wpex-clear\" style=\"height:50px;\"><\/div><style>.vcex-button.vcex_69f532042ff87{border-radius:90px;background:#f2a100;color:#ffffff!important;padding-block:10px;padding-inline:40px;font-weight:600;}.vcex-button.vcex_69f532042ff87:hover{background:#ffb200!important;color:#ffffff!important;}<\/style><div class=\"theme-button-wrap textcenter wpex-clr\"><a href=\"http:\/\/openmarketscorp.com\/es\/contactenos\/\" class=\"vcex-button theme-button flat medium align-center inline vcex_69f532042ff87\"><span class=\"vcex-button-inner theme-button-inner wpex-flex wpex-flex-wrap wpex-items-center wpex-justify-center\">Cont\u00e1ctenos \u2192<\/span><\/a><\/div> <div class=\"vcex-spacing wpex-w-100 wpex-clear visible-desktop\" style=\"height:75px;\"><\/div>[\/vc_column][\/vc_row]\n<\/div>","protected":false},"excerpt":{"rendered":"<p>[vc_row disable_element=&#8221;yes&#8221;][vc_column][\/vc_column][\/vc_row][vc_row remove_bottom_col_margin=&#8221;true&#8221; wpex_fixed_bg=&#8221;fixed&#8221; css=&#8221;.vc_custom_1648158411832{padding-top: 150px !important;padding-bottom: 150px !important;background-image: url(http:\/\/openmarketscorp.com\/es\/wp-content\/uploads\/sites\/2\/2022\/03\/divider-img-2.jpg?id=214) !important;background-position: center !important;background-repeat: no-repeat !important;background-size: cover !important;}&#8221; wpex_bg_position=&#8221;center center&#8221;][vc_column][\/vc_column][\/vc_row][vc_row disable_element=&#8221;yes&#8221; remove_bottom_col_margin=&#8221;true&#8221; css=&#8221;.vc_custom_1648158421224{background-color: rgba(255,255,255,0.01) !important;*background-color: rgb(255,255,255) !important;}&#8221;][vc_column][vc_single_image image=&#8221;214&#8243; alignment=&#8221;center&#8221;][\/vc_column][\/vc_row][vc_row remove_bottom_col_margin=&#8221;true&#8221; center_row=&#8221;yes&#8221; css=&#8221;.vc_custom_1648158115175{padding-top: 75px !important;padding-bottom: 75px !important;background-color: rgba(255,255,255,0.01) !important;*background-color: rgb(255,255,255) !important;}&#8221;][vc_column width=&#8221;1\/12&#8243;][\/vc_column][vc_column width=&#8221;10\/12&#8243;][vc_column_text text_align=&#8221;center&#8221;] Compromiso con la excelencia [\/vc_column_text][vc_column_text text_align=&#8221;center&#8221; width=&#8221;750px&#8221; align=&#8221;center&#8221;]Nuestro extraordinario af\u00e1n por ofrecer resultados&hellip;<\/p>\n","protected":false},"author":1,"featured_media":0,"parent":0,"menu_order":0,"comment_status":"closed","ping_status":"closed","template":"","meta":{"footnotes":""},"class_list":["post-40","page","type-page","status-publish","hentry","entry","no-media"],"_links":{"self":[{"href":"https:\/\/openmarketscorp.com\/es\/wp-json\/wp\/v2\/pages\/40","targetHints":{"allow":["GET"]}}],"collection":[{"href":"https:\/\/openmarketscorp.com\/es\/wp-json\/wp\/v2\/pages"}],"about":[{"href":"https:\/\/openmarketscorp.com\/es\/wp-json\/wp\/v2\/types\/page"}],"author":[{"embeddable":true,"href":"https:\/\/openmarketscorp.com\/es\/wp-json\/wp\/v2\/users\/1"}],"replies":[{"embeddable":true,"href":"https:\/\/openmarketscorp.com\/es\/wp-json\/wp\/v2\/comments?post=40"}],"version-history":[{"count":0,"href":"https:\/\/openmarketscorp.com\/es\/wp-json\/wp\/v2\/pages\/40\/revisions"}],"wp:attachment":[{"href":"https:\/\/openmarketscorp.com\/es\/wp-json\/wp\/v2\/media?parent=40"}],"curies":[{"name":"wp","href":"https:\/\/api.w.org\/{rel}","templated":true}]}}